{"id":51,"date":"2013-05-31T16:40:37","date_gmt":"2013-05-31T14:40:37","guid":{"rendered":"http:\/\/animus-klub.de\/?page_id=51"},"modified":"2019-09-28T03:28:15","modified_gmt":"2019-09-28T01:28:15","slug":"impressum","status":"publish","type":"page","link":"https:\/\/animus-klub.de\/en\/impressum\/","title":{"rendered":"Impressum"},"content":{"rendered":"<p class=\"qtranxs-available-languages-message qtranxs-available-languages-message-en\">Sorry, this entry is only available in <a href=\"https:\/\/animus-klub.de\/de\/wp-json\/wp\/v2\/pages\/51\" class=\"qtranxs-available-language-link qtranxs-available-language-link-de\" title=\"Deutsch\">German<\/a>.<\/p>","protected":false},"excerpt":{"rendered":"<p>Sorry, this entry is only available in German.<\/p>\n","protected":false},"author":33,"featured_media":0,"parent":0,"menu_order":17,"comment_status":"closed","ping_status":"closed","template":"","meta":{"_mi_skip_tracking":false},"yoast_head":"<!-- This site is optimized with the Yoast SEO plugin v19.8 - https:\/\/yoast.com\/wordpress\/plugins\/seo\/ -->\n<title>Impressum &bull; Animus Klub \u2022 Der Freizeitklub in der Metropolregion Rhein-Neckar<\/title>\n<meta name=\"robots\" content=\"index, follow, max-snippet:-1, max-image-preview:large, max-video-preview:-1\" \/>\n<link rel=\"canonical\" href=\"https:\/\/animus-klub.de\/impressum\/\" \/>\n<meta property=\"og:locale\" content=\"en_US\" \/>\n<meta property=\"og:type\" content=\"article\" \/>\n<meta property=\"og:title\" content=\"Impressum &bull; Animus Klub \u2022 Der Freizeitklub in der Metropolregion Rhein-Neckar\" \/>\n<meta property=\"og:description\" content=\"Sorry, this entry is only available in German.\" \/>\n<meta property=\"og:url\" content=\"https:\/\/animus-klub.de\/impressum\/\" \/>\n<meta property=\"og:site_name\" content=\"Animus Klub \u2022 Der Freizeitklub in der Metropolregion Rhein-Neckar\" \/>\n<meta property=\"article:publisher\" content=\"https:\/\/www.facebook.com\/animusklub\/\" \/>\n<meta property=\"article:modified_time\" content=\"2019-09-28T01:28:15+00:00\" \/>\n<meta name=\"twitter:card\" content=\"summary_large_image\" \/>\n<meta name=\"twitter:label1\" content=\"Est. reading time\" \/>\n\t<meta name=\"twitter:data1\" content=\"7 minutes\" \/>\n<script type=\"application\/ld+json\" class=\"yoast-schema-graph\">{\"@context\":\"https:\/\/schema.org\",\"@graph\":[{\"@type\":\"WebPage\",\"@id\":\"https:\/\/animus-klub.de\/impressum\/\",\"url\":\"https:\/\/animus-klub.de\/impressum\/\",\"name\":\"Impressum &bull; Animus Klub \u2022 Der Freizeitklub in der Metropolregion Rhein-Neckar\",\"isPartOf\":{\"@id\":\"https:\/\/animus-klub.de\/#website\"},\"datePublished\":\"2013-05-31T14:40:37+00:00\",\"dateModified\":\"2019-09-28T01:28:15+00:00\",\"breadcrumb\":{\"@id\":\"https:\/\/animus-klub.de\/impressum\/#breadcrumb\"},\"inLanguage\":\"en-US\",\"potentialAction\":[{\"@type\":\"ReadAction\",\"target\":[\"https:\/\/animus-klub.de\/impressum\/\"]}]},{\"@type\":\"BreadcrumbList\",\"@id\":\"https:\/\/animus-klub.de\/impressum\/#breadcrumb\",\"itemListElement\":[{\"@type\":\"ListItem\",\"position\":1,\"name\":\"Startseite\",\"item\":\"https:\/\/animus-klub.de\/\"},{\"@type\":\"ListItem\",\"position\":2,\"name\":\"Impressum\"}]},{\"@type\":\"WebSite\",\"@id\":\"https:\/\/animus-klub.de\/#website\",\"url\":\"https:\/\/animus-klub.de\/\",\"name\":\"Animus Klub \u2022 Der Freizeitklub in der Metropolregion Rhein-Neckar\",\"description\":\"Der Spiel- und Freizeitklub in Nu\u00dfloch, Wiesloch, Heidelberg und Umgebung f\u00fcr die ganze Familie! Wir realisieren DEINE Ideen und W\u00fcnsche, und machen DAS, was DU willst!\",\"publisher\":{\"@id\":\"https:\/\/animus-klub.de\/#organization\"},\"potentialAction\":[{\"@type\":\"SearchAction\",\"target\":{\"@type\":\"EntryPoint\",\"urlTemplate\":\"https:\/\/animus-klub.de\/?s={search_term_string}\"},\"query-input\":\"required name=search_term_string\"}],\"inLanguage\":\"en-US\"},{\"@type\":\"Organization\",\"@id\":\"https:\/\/animus-klub.de\/#organization\",\"name\":\"Animus Klub e.V.\",\"url\":\"https:\/\/animus-klub.de\/\",\"sameAs\":[\"https:\/\/www.youtube.com\/channel\/UCYM2NSobdYTJVDpp2O9Ry-w\",\"https:\/\/www.facebook.com\/animusklub\/\"],\"logo\":{\"@type\":\"ImageObject\",\"inLanguage\":\"en-US\",\"@id\":\"https:\/\/animus-klub.de\/#\/schema\/logo\/image\/\",\"url\":\"https:\/\/animus-klub.de\/wordpress\/wp-content\/uploads\/2020\/07\/animo-header.jpg\",\"contentUrl\":\"https:\/\/animus-klub.de\/wordpress\/wp-content\/uploads\/2020\/07\/animo-header.jpg\",\"width\":1200,\"height\":169,\"caption\":\"Animus Klub e.V.\"},\"image\":{\"@id\":\"https:\/\/animus-klub.de\/#\/schema\/logo\/image\/\"}}]}<\/script>\n<!-- \/ Yoast SEO plugin. -->","yoast_head_json":{"title":"Impressum &bull; Animus Klub \u2022 Der Freizeitklub in der Metropolregion Rhein-Neckar","robots":{"index":"index","follow":"follow","max-snippet":"max-snippet:-1","max-image-preview":"max-image-preview:large","max-video-preview":"max-video-preview:-1"},"canonical":"https:\/\/animus-klub.de\/impressum\/","og_locale":"en_US","og_type":"article","og_title":"Impressum &bull; Animus Klub \u2022 Der Freizeitklub in der Metropolregion Rhein-Neckar","og_description":"Sorry, this entry is only available in German.","og_url":"https:\/\/animus-klub.de\/impressum\/","og_site_name":"Animus Klub \u2022 Der Freizeitklub in der Metropolregion Rhein-Neckar","article_publisher":"https:\/\/www.facebook.com\/animusklub\/","article_modified_time":"2019-09-28T01:28:15+00:00","twitter_card":"summary_large_image","twitter_misc":{"Est. reading time":"7 minutes"},"schema":{"@context":"https:\/\/schema.org","@graph":[{"@type":"WebPage","@id":"https:\/\/animus-klub.de\/impressum\/","url":"https:\/\/animus-klub.de\/impressum\/","name":"Impressum &bull; Animus Klub \u2022 Der Freizeitklub in der Metropolregion Rhein-Neckar","isPartOf":{"@id":"https:\/\/animus-klub.de\/#website"},"datePublished":"2013-05-31T14:40:37+00:00","dateModified":"2019-09-28T01:28:15+00:00","breadcrumb":{"@id":"https:\/\/animus-klub.de\/impressum\/#breadcrumb"},"inLanguage":"en-US","potentialAction":[{"@type":"ReadAction","target":["https:\/\/animus-klub.de\/impressum\/"]}]},{"@type":"BreadcrumbList","@id":"https:\/\/animus-klub.de\/impressum\/#breadcrumb","itemListElement":[{"@type":"ListItem","position":1,"name":"Startseite","item":"https:\/\/animus-klub.de\/"},{"@type":"ListItem","position":2,"name":"Impressum"}]},{"@type":"WebSite","@id":"https:\/\/animus-klub.de\/#website","url":"https:\/\/animus-klub.de\/","name":"Animus Klub \u2022 Der Freizeitklub in der Metropolregion Rhein-Neckar","description":"Der Spiel- und Freizeitklub in Nu\u00dfloch, Wiesloch, Heidelberg und Umgebung f\u00fcr die ganze Familie! Wir realisieren DEINE Ideen und W\u00fcnsche, und machen DAS, was DU willst!","publisher":{"@id":"https:\/\/animus-klub.de\/#organization"},"potentialAction":[{"@type":"SearchAction","target":{"@type":"EntryPoint","urlTemplate":"https:\/\/animus-klub.de\/?s={search_term_string}"},"query-input":"required name=search_term_string"}],"inLanguage":"en-US"},{"@type":"Organization","@id":"https:\/\/animus-klub.de\/#organization","name":"Animus Klub e.V.","url":"https:\/\/animus-klub.de\/","sameAs":["https:\/\/www.youtube.com\/channel\/UCYM2NSobdYTJVDpp2O9Ry-w","https:\/\/www.facebook.com\/animusklub\/"],"logo":{"@type":"ImageObject","inLanguage":"en-US","@id":"https:\/\/animus-klub.de\/#\/schema\/logo\/image\/","url":"https:\/\/animus-klub.de\/wordpress\/wp-content\/uploads\/2020\/07\/animo-header.jpg","contentUrl":"https:\/\/animus-klub.de\/wordpress\/wp-content\/uploads\/2020\/07\/animo-header.jpg","width":1200,"height":169,"caption":"Animus Klub e.V."},"image":{"@id":"https:\/\/animus-klub.de\/#\/schema\/logo\/image\/"}}]}},"_links":{"self":[{"href":"https:\/\/animus-klub.de\/en\/wp-json\/wp\/v2\/pages\/51"}],"collection":[{"href":"https:\/\/animus-klub.de\/en\/wp-json\/wp\/v2\/pages"}],"about":[{"href":"https:\/\/animus-klub.de\/en\/wp-json\/wp\/v2\/types\/page"}],"author":[{"embeddable":true,"href":"https:\/\/animus-klub.de\/en\/wp-json\/wp\/v2\/users\/33"}],"replies":[{"embeddable":true,"href":"https:\/\/animus-klub.de\/en\/wp-json\/wp\/v2\/comments?post=51"}],"version-history":[{"count":5,"href":"https:\/\/animus-klub.de\/en\/wp-json\/wp\/v2\/pages\/51\/revisions"}],"predecessor-version":[{"id":1017453,"href":"https:\/\/animus-klub.de\/en\/wp-json\/wp\/v2\/pages\/51\/revisions\/1017453"}],"wp:attachment":[{"href":"https:\/\/animus-klub.de\/en\/wp-json\/wp\/v2\/media?parent=51"}],"curies":[{"name":"wp","href":"https:\/\/api.w.org\/{rel}","templated":true}]}}