{"id":8,"date":"2013-05-13T20:46:14","date_gmt":"2013-05-13T18:46:14","guid":{"rendered":"http:\/\/animus-klub.de\/?page_id=8"},"modified":"2021-05-19T05:27:29","modified_gmt":"2021-05-19T03:27:29","slug":"ueber-uns","status":"publish","type":"page","link":"https:\/\/animus-klub.de\/en\/ueber-uns\/","title":{"rendered":"\u00dcber uns"},"content":{"rendered":"<p class=\"qtranxs-available-languages-message qtranxs-available-languages-message-en\">Sorry, this entry is only available in <a href=\"https:\/\/animus-klub.de\/de\/wp-json\/wp\/v2\/pages\/8\" class=\"qtranxs-available-language-link qtranxs-available-language-link-de\" title=\"Deutsch\">German<\/a>.<\/p>","protected":false},"excerpt":{"rendered":"<p>Sorry, this entry is only available in German.<\/p>\n","protected":false},"author":33,"featured_media":1017585,"parent":0,"menu_order":15,"comment_status":"closed","ping_status":"closed","template":"","meta":{"_mi_skip_tracking":false},"yoast_head":"<!-- This site is optimized with the Yoast SEO plugin v19.8 - https:\/\/yoast.com\/wordpress\/plugins\/seo\/ -->\n<title>\u00dcber uns &bull; Animus Klub \u2022 Der Freizeitklub in der Metropolregion Rhein-Neckar<\/title>\n<meta name=\"description\" content=\"Wir sind ein internationaler\u00a0Lern-, Spiel- und Freizeitverein f\u00fcr die ganze Familie und f\u00f6rdern Kinder und Jugendliche aus der Metropolregion Rhein-Neckar in ihren besonderen Talenten.\" \/>\n<meta name=\"robots\" content=\"index, follow, max-snippet:-1, max-image-preview:large, max-video-preview:-1\" \/>\n<link rel=\"canonical\" href=\"https:\/\/animus-klub.de\/ueber-uns\/\" \/>\n<meta property=\"og:locale\" content=\"en_US\" \/>\n<meta property=\"og:type\" content=\"article\" \/>\n<meta property=\"og:title\" content=\"Animus Klub e.V. - \u00dcber uns\" \/>\n<meta property=\"og:description\" content=\"Wir sind ein internationaler\u00a0Lern-, Spiel- und Freizeitverein f\u00fcr die ganze Familie und f\u00f6rdern Kinder und Jugendliche aus der Metropolregion Rhein-Neckar in ihren besonderen Talenten.\" \/>\n<meta property=\"og:url\" content=\"https:\/\/animus-klub.de\/ueber-uns\/\" \/>\n<meta property=\"og:site_name\" content=\"Animus Klub \u2022 Der Freizeitklub in der Metropolregion Rhein-Neckar\" \/>\n<meta property=\"article:publisher\" content=\"https:\/\/www.facebook.com\/animusklub\/\" \/>\n<meta property=\"article:modified_time\" content=\"2021-05-19T03:27:29+00:00\" \/>\n<meta property=\"og:image\" content=\"https:\/\/animus-klub.de\/wordpress\/wp-content\/uploads\/2019\/10\/Animus-Klub-2019-3.jpg\" \/>\n\t<meta property=\"og:image:width\" content=\"570\" \/>\n\t<meta property=\"og:image:height\" content=\"350\" \/>\n\t<meta property=\"og:image:type\" content=\"image\/jpeg\" \/>\n<meta name=\"twitter:card\" content=\"summary_large_image\" \/>\n<meta name=\"twitter:label1\" content=\"Est. reading time\" \/>\n\t<meta name=\"twitter:data1\" content=\"8 minutes\" \/>\n<script type=\"application\/ld+json\" class=\"yoast-schema-graph\">{\"@context\":\"https:\/\/schema.org\",\"@graph\":[{\"@type\":\"WebPage\",\"@id\":\"https:\/\/animus-klub.de\/ueber-uns\/\",\"url\":\"https:\/\/animus-klub.de\/ueber-uns\/\",\"name\":\"\u00dcber uns &bull; Animus Klub \u2022 Der Freizeitklub in der Metropolregion Rhein-Neckar\",\"isPartOf\":{\"@id\":\"https:\/\/animus-klub.de\/#website\"},\"datePublished\":\"2013-05-13T18:46:14+00:00\",\"dateModified\":\"2021-05-19T03:27:29+00:00\",\"description\":\"Wir sind ein internationaler\u00a0Lern-, Spiel- und Freizeitverein f\u00fcr die ganze Familie und f\u00f6rdern Kinder und Jugendliche aus der Metropolregion Rhein-Neckar in ihren besonderen Talenten.\",\"breadcrumb\":{\"@id\":\"https:\/\/animus-klub.de\/ueber-uns\/#breadcrumb\"},\"inLanguage\":\"en-US\",\"potentialAction\":[{\"@type\":\"ReadAction\",\"target\":[\"https:\/\/animus-klub.de\/ueber-uns\/\"]}]},{\"@type\":\"BreadcrumbList\",\"@id\":\"https:\/\/animus-klub.de\/ueber-uns\/#breadcrumb\",\"itemListElement\":[{\"@type\":\"ListItem\",\"position\":1,\"name\":\"Startseite\",\"item\":\"https:\/\/animus-klub.de\/\"},{\"@type\":\"ListItem\",\"position\":2,\"name\":\"\u00dcber uns\"}]},{\"@type\":\"WebSite\",\"@id\":\"https:\/\/animus-klub.de\/#website\",\"url\":\"https:\/\/animus-klub.de\/\",\"name\":\"Animus Klub \u2022 Der Freizeitklub in der Metropolregion Rhein-Neckar\",\"description\":\"Der Spiel- und Freizeitklub in Nu\u00dfloch, Wiesloch, Heidelberg und Umgebung f\u00fcr die ganze Familie! Wir realisieren DEINE Ideen und W\u00fcnsche, und machen DAS, was DU willst!\",\"publisher\":{\"@id\":\"https:\/\/animus-klub.de\/#organization\"},\"potentialAction\":[{\"@type\":\"SearchAction\",\"target\":{\"@type\":\"EntryPoint\",\"urlTemplate\":\"https:\/\/animus-klub.de\/?s={search_term_string}\"},\"query-input\":\"required name=search_term_string\"}],\"inLanguage\":\"en-US\"},{\"@type\":\"Organization\",\"@id\":\"https:\/\/animus-klub.de\/#organization\",\"name\":\"Animus Klub e.V.\",\"url\":\"https:\/\/animus-klub.de\/\",\"sameAs\":[\"https:\/\/www.youtube.com\/channel\/UCYM2NSobdYTJVDpp2O9Ry-w\",\"https:\/\/www.facebook.com\/animusklub\/\"],\"logo\":{\"@type\":\"ImageObject\",\"inLanguage\":\"en-US\",\"@id\":\"https:\/\/animus-klub.de\/#\/schema\/logo\/image\/\",\"url\":\"https:\/\/animus-klub.de\/wordpress\/wp-content\/uploads\/2020\/07\/animo-header.jpg\",\"contentUrl\":\"https:\/\/animus-klub.de\/wordpress\/wp-content\/uploads\/2020\/07\/animo-header.jpg\",\"width\":1200,\"height\":169,\"caption\":\"Animus Klub e.V.\"},\"image\":{\"@id\":\"https:\/\/animus-klub.de\/#\/schema\/logo\/image\/\"}}]}<\/script>\n<!-- \/ Yoast SEO plugin. -->","yoast_head_json":{"title":"\u00dcber uns &bull; Animus Klub \u2022 Der Freizeitklub in der Metropolregion Rhein-Neckar","description":"Wir sind ein internationaler\u00a0Lern-, Spiel- und Freizeitverein f\u00fcr die ganze Familie und f\u00f6rdern Kinder und Jugendliche aus der Metropolregion Rhein-Neckar in ihren besonderen Talenten.","robots":{"index":"index","follow":"follow","max-snippet":"max-snippet:-1","max-image-preview":"max-image-preview:large","max-video-preview":"max-video-preview:-1"},"canonical":"https:\/\/animus-klub.de\/ueber-uns\/","og_locale":"en_US","og_type":"article","og_title":"Animus Klub e.V. - \u00dcber uns","og_description":"Wir sind ein internationaler\u00a0Lern-, Spiel- und Freizeitverein f\u00fcr die ganze Familie und f\u00f6rdern Kinder und Jugendliche aus der Metropolregion Rhein-Neckar in ihren besonderen Talenten.","og_url":"https:\/\/animus-klub.de\/ueber-uns\/","og_site_name":"Animus Klub \u2022 Der Freizeitklub in der Metropolregion Rhein-Neckar","article_publisher":"https:\/\/www.facebook.com\/animusklub\/","article_modified_time":"2021-05-19T03:27:29+00:00","og_image":[{"width":570,"height":350,"url":"https:\/\/animus-klub.de\/wordpress\/wp-content\/uploads\/2019\/10\/Animus-Klub-2019-3.jpg","type":"image\/jpeg"}],"twitter_card":"summary_large_image","twitter_misc":{"Est. reading time":"8 minutes"},"schema":{"@context":"https:\/\/schema.org","@graph":[{"@type":"WebPage","@id":"https:\/\/animus-klub.de\/ueber-uns\/","url":"https:\/\/animus-klub.de\/ueber-uns\/","name":"\u00dcber uns &bull; Animus Klub \u2022 Der Freizeitklub in der Metropolregion Rhein-Neckar","isPartOf":{"@id":"https:\/\/animus-klub.de\/#website"},"datePublished":"2013-05-13T18:46:14+00:00","dateModified":"2021-05-19T03:27:29+00:00","description":"Wir sind ein internationaler\u00a0Lern-, Spiel- und Freizeitverein f\u00fcr die ganze Familie und f\u00f6rdern Kinder und Jugendliche aus der Metropolregion Rhein-Neckar in ihren besonderen Talenten.","breadcrumb":{"@id":"https:\/\/animus-klub.de\/ueber-uns\/#breadcrumb"},"inLanguage":"en-US","potentialAction":[{"@type":"ReadAction","target":["https:\/\/animus-klub.de\/ueber-uns\/"]}]},{"@type":"BreadcrumbList","@id":"https:\/\/animus-klub.de\/ueber-uns\/#breadcrumb","itemListElement":[{"@type":"ListItem","position":1,"name":"Startseite","item":"https:\/\/animus-klub.de\/"},{"@type":"ListItem","position":2,"name":"\u00dcber uns"}]},{"@type":"WebSite","@id":"https:\/\/animus-klub.de\/#website","url":"https:\/\/animus-klub.de\/","name":"Animus Klub \u2022 Der Freizeitklub in der Metropolregion Rhein-Neckar","description":"Der Spiel- und Freizeitklub in Nu\u00dfloch, Wiesloch, Heidelberg und Umgebung f\u00fcr die ganze Familie! Wir realisieren DEINE Ideen und W\u00fcnsche, und machen DAS, was DU willst!","publisher":{"@id":"https:\/\/animus-klub.de\/#organization"},"potentialAction":[{"@type":"SearchAction","target":{"@type":"EntryPoint","urlTemplate":"https:\/\/animus-klub.de\/?s={search_term_string}"},"query-input":"required name=search_term_string"}],"inLanguage":"en-US"},{"@type":"Organization","@id":"https:\/\/animus-klub.de\/#organization","name":"Animus Klub e.V.","url":"https:\/\/animus-klub.de\/","sameAs":["https:\/\/www.youtube.com\/channel\/UCYM2NSobdYTJVDpp2O9Ry-w","https:\/\/www.facebook.com\/animusklub\/"],"logo":{"@type":"ImageObject","inLanguage":"en-US","@id":"https:\/\/animus-klub.de\/#\/schema\/logo\/image\/","url":"https:\/\/animus-klub.de\/wordpress\/wp-content\/uploads\/2020\/07\/animo-header.jpg","contentUrl":"https:\/\/animus-klub.de\/wordpress\/wp-content\/uploads\/2020\/07\/animo-header.jpg","width":1200,"height":169,"caption":"Animus Klub e.V."},"image":{"@id":"https:\/\/animus-klub.de\/#\/schema\/logo\/image\/"}}]}},"_links":{"self":[{"href":"https:\/\/animus-klub.de\/en\/wp-json\/wp\/v2\/pages\/8"}],"collection":[{"href":"https:\/\/animus-klub.de\/en\/wp-json\/wp\/v2\/pages"}],"about":[{"href":"https:\/\/animus-klub.de\/en\/wp-json\/wp\/v2\/types\/page"}],"author":[{"embeddable":true,"href":"https:\/\/animus-klub.de\/en\/wp-json\/wp\/v2\/users\/33"}],"replies":[{"embeddable":true,"href":"https:\/\/animus-klub.de\/en\/wp-json\/wp\/v2\/comments?post=8"}],"version-history":[{"count":20,"href":"https:\/\/animus-klub.de\/en\/wp-json\/wp\/v2\/pages\/8\/revisions"}],"predecessor-version":[{"id":1022900,"href":"https:\/\/animus-klub.de\/en\/wp-json\/wp\/v2\/pages\/8\/revisions\/1022900"}],"wp:featuredmedia":[{"embeddable":true,"href":"https:\/\/animus-klub.de\/en\/wp-json\/wp\/v2\/media\/1017585"}],"wp:attachment":[{"href":"https:\/\/animus-klub.de\/en\/wp-json\/wp\/v2\/media?parent=8"}],"curies":[{"name":"wp","href":"https:\/\/api.w.org\/{rel}","templated":true}]}}