{"id":1017492,"date":"2019-09-30T17:01:10","date_gmt":"2019-09-30T15:01:10","guid":{"rendered":"https:\/\/animus-klub.de\/?page_id=1017492"},"modified":"2019-09-30T17:01:10","modified_gmt":"2019-09-30T15:01:10","slug":"kalender-intern","status":"publish","type":"page","link":"https:\/\/animus-klub.de\/hu\/kalender-intern\/","title":{"rendered":"Kalender &#8211; Intern"},"content":{"rendered":"<div class=\"members-access-error\">\n<p class=\"restricted\">Du hast keine Berechtigung, um diese Seite aufzurufen.<\/p>\n<\/div>\n","protected":false},"excerpt":{"rendered":"<div class=\"members-access-error\">\n<p class=\"restricted\">Du hast keine Berechtigung, um diese Seite aufzurufen.<\/p>\n<\/div>\n","protected":false},"author":68,"featured_media":0,"parent":0,"menu_order":0,"comment_status":"closed","ping_status":"closed","template":"","meta":{"_mi_skip_tracking":false},"yoast_head":"<!-- This site is optimized with the Yoast SEO plugin v19.8 - https:\/\/yoast.com\/wordpress\/plugins\/seo\/ -->\n<title>Kalender - Intern &bull; Animus Klub \u2022 Der Freizeitklub in der Metropolregion Rhein-Neckar<\/title>\n<meta name=\"robots\" content=\"index, follow, max-snippet:-1, max-image-preview:large, max-video-preview:-1\" \/>\n<link rel=\"canonical\" href=\"https:\/\/animus-klub.de\/sv\/kalender-intern\/\" \/>\n<meta property=\"og:locale\" content=\"hu_HU\" \/>\n<meta property=\"og:type\" content=\"article\" \/>\n<meta property=\"og:title\" content=\"Kalender - Intern &bull; Animus Klub \u2022 Der Freizeitklub in der Metropolregion Rhein-Neckar\" \/>\n<meta property=\"og:description\" content=\"Du hast keine Berechtigung, um diese Seite aufzurufen.\" \/>\n<meta property=\"og:url\" content=\"https:\/\/animus-klub.de\/sv\/kalender-intern\/\" \/>\n<meta property=\"og:site_name\" content=\"Animus Klub \u2022 Der Freizeitklub in der Metropolregion Rhein-Neckar\" \/>\n<meta property=\"article:publisher\" content=\"https:\/\/www.facebook.com\/animusklub\/\" \/>\n<meta name=\"twitter:card\" content=\"summary_large_image\" \/>\n<script type=\"application\/ld+json\" class=\"yoast-schema-graph\">{\"@context\":\"https:\/\/schema.org\",\"@graph\":[{\"@type\":\"WebPage\",\"@id\":\"https:\/\/animus-klub.de\/sv\/kalender-intern\/\",\"url\":\"https:\/\/animus-klub.de\/sv\/kalender-intern\/\",\"name\":\"Kalender - Intern &bull; Animus Klub \u2022 Der Freizeitklub in der Metropolregion Rhein-Neckar\",\"isPartOf\":{\"@id\":\"https:\/\/animus-klub.de\/#website\"},\"datePublished\":\"2019-09-30T15:01:10+00:00\",\"dateModified\":\"2019-09-30T15:01:10+00:00\",\"breadcrumb\":{\"@id\":\"https:\/\/animus-klub.de\/sv\/kalender-intern\/#breadcrumb\"},\"inLanguage\":\"hu\",\"potentialAction\":[{\"@type\":\"ReadAction\",\"target\":[\"https:\/\/animus-klub.de\/sv\/kalender-intern\/\"]}]},{\"@type\":\"BreadcrumbList\",\"@id\":\"https:\/\/animus-klub.de\/sv\/kalender-intern\/#breadcrumb\",\"itemListElement\":[{\"@type\":\"ListItem\",\"position\":1,\"name\":\"Startseite\",\"item\":\"https:\/\/animus-klub.de\/\"},{\"@type\":\"ListItem\",\"position\":2,\"name\":\"Kalender &#8211; Intern\"}]},{\"@type\":\"WebSite\",\"@id\":\"https:\/\/animus-klub.de\/#website\",\"url\":\"https:\/\/animus-klub.de\/\",\"name\":\"Animus Klub \u2022 Der Freizeitklub in der Metropolregion Rhein-Neckar\",\"description\":\"Der Spiel- und Freizeitklub in Nu\u00dfloch, Wiesloch, Heidelberg und Umgebung f\u00fcr die ganze Familie! Wir realisieren DEINE Ideen und W\u00fcnsche, und machen DAS, was DU willst!\",\"publisher\":{\"@id\":\"https:\/\/animus-klub.de\/#organization\"},\"potentialAction\":[{\"@type\":\"SearchAction\",\"target\":{\"@type\":\"EntryPoint\",\"urlTemplate\":\"https:\/\/animus-klub.de\/?s={search_term_string}\"},\"query-input\":\"required name=search_term_string\"}],\"inLanguage\":\"hu\"},{\"@type\":\"Organization\",\"@id\":\"https:\/\/animus-klub.de\/#organization\",\"name\":\"Animus Klub e.V.\",\"url\":\"https:\/\/animus-klub.de\/\",\"sameAs\":[\"https:\/\/www.youtube.com\/channel\/UCYM2NSobdYTJVDpp2O9Ry-w\",\"https:\/\/www.facebook.com\/animusklub\/\"],\"logo\":{\"@type\":\"ImageObject\",\"inLanguage\":\"hu\",\"@id\":\"https:\/\/animus-klub.de\/#\/schema\/logo\/image\/\",\"url\":\"https:\/\/animus-klub.de\/wordpress\/wp-content\/uploads\/2020\/07\/animo-header.jpg\",\"contentUrl\":\"https:\/\/animus-klub.de\/wordpress\/wp-content\/uploads\/2020\/07\/animo-header.jpg\",\"width\":1200,\"height\":169,\"caption\":\"Animus Klub e.V.\"},\"image\":{\"@id\":\"https:\/\/animus-klub.de\/#\/schema\/logo\/image\/\"}}]}<\/script>\n<!-- \/ Yoast SEO plugin. -->","yoast_head_json":{"title":"Kalender - Intern &bull; Animus Klub \u2022 Der Freizeitklub in der Metropolregion Rhein-Neckar","robots":{"index":"index","follow":"follow","max-snippet":"max-snippet:-1","max-image-preview":"max-image-preview:large","max-video-preview":"max-video-preview:-1"},"canonical":"https:\/\/animus-klub.de\/sv\/kalender-intern\/","og_locale":"hu_HU","og_type":"article","og_title":"Kalender - Intern &bull; Animus Klub \u2022 Der Freizeitklub in der Metropolregion Rhein-Neckar","og_description":"Du hast keine Berechtigung, um diese Seite aufzurufen.","og_url":"https:\/\/animus-klub.de\/sv\/kalender-intern\/","og_site_name":"Animus Klub \u2022 Der Freizeitklub in der Metropolregion Rhein-Neckar","article_publisher":"https:\/\/www.facebook.com\/animusklub\/","twitter_card":"summary_large_image","schema":{"@context":"https:\/\/schema.org","@graph":[{"@type":"WebPage","@id":"https:\/\/animus-klub.de\/sv\/kalender-intern\/","url":"https:\/\/animus-klub.de\/sv\/kalender-intern\/","name":"Kalender - Intern &bull; Animus Klub \u2022 Der Freizeitklub in der Metropolregion Rhein-Neckar","isPartOf":{"@id":"https:\/\/animus-klub.de\/#website"},"datePublished":"2019-09-30T15:01:10+00:00","dateModified":"2019-09-30T15:01:10+00:00","breadcrumb":{"@id":"https:\/\/animus-klub.de\/sv\/kalender-intern\/#breadcrumb"},"inLanguage":"hu","potentialAction":[{"@type":"ReadAction","target":["https:\/\/animus-klub.de\/sv\/kalender-intern\/"]}]},{"@type":"BreadcrumbList","@id":"https:\/\/animus-klub.de\/sv\/kalender-intern\/#breadcrumb","itemListElement":[{"@type":"ListItem","position":1,"name":"Startseite","item":"https:\/\/animus-klub.de\/"},{"@type":"ListItem","position":2,"name":"Kalender &#8211; Intern"}]},{"@type":"WebSite","@id":"https:\/\/animus-klub.de\/#website","url":"https:\/\/animus-klub.de\/","name":"Animus Klub \u2022 Der Freizeitklub in der Metropolregion Rhein-Neckar","description":"Der Spiel- und Freizeitklub in Nu\u00dfloch, Wiesloch, Heidelberg und Umgebung f\u00fcr die ganze Familie! Wir realisieren DEINE Ideen und W\u00fcnsche, und machen DAS, was DU willst!","publisher":{"@id":"https:\/\/animus-klub.de\/#organization"},"potentialAction":[{"@type":"SearchAction","target":{"@type":"EntryPoint","urlTemplate":"https:\/\/animus-klub.de\/?s={search_term_string}"},"query-input":"required name=search_term_string"}],"inLanguage":"hu"},{"@type":"Organization","@id":"https:\/\/animus-klub.de\/#organization","name":"Animus Klub e.V.","url":"https:\/\/animus-klub.de\/","sameAs":["https:\/\/www.youtube.com\/channel\/UCYM2NSobdYTJVDpp2O9Ry-w","https:\/\/www.facebook.com\/animusklub\/"],"logo":{"@type":"ImageObject","inLanguage":"hu","@id":"https:\/\/animus-klub.de\/#\/schema\/logo\/image\/","url":"https:\/\/animus-klub.de\/wordpress\/wp-content\/uploads\/2020\/07\/animo-header.jpg","contentUrl":"https:\/\/animus-klub.de\/wordpress\/wp-content\/uploads\/2020\/07\/animo-header.jpg","width":1200,"height":169,"caption":"Animus Klub e.V."},"image":{"@id":"https:\/\/animus-klub.de\/#\/schema\/logo\/image\/"}}]}},"_links":{"self":[{"href":"https:\/\/animus-klub.de\/hu\/wp-json\/wp\/v2\/pages\/1017492"}],"collection":[{"href":"https:\/\/animus-klub.de\/hu\/wp-json\/wp\/v2\/pages"}],"about":[{"href":"https:\/\/animus-klub.de\/hu\/wp-json\/wp\/v2\/types\/page"}],"author":[{"embeddable":true,"href":"https:\/\/animus-klub.de\/hu\/wp-json\/wp\/v2\/users\/68"}],"replies":[{"embeddable":true,"href":"https:\/\/animus-klub.de\/hu\/wp-json\/wp\/v2\/comments?post=1017492"}],"version-history":[{"count":1,"href":"https:\/\/animus-klub.de\/hu\/wp-json\/wp\/v2\/pages\/1017492\/revisions"}],"predecessor-version":[{"id":1017493,"href":"https:\/\/animus-klub.de\/hu\/wp-json\/wp\/v2\/pages\/1017492\/revisions\/1017493"}],"wp:attachment":[{"href":"https:\/\/animus-klub.de\/hu\/wp-json\/wp\/v2\/media?parent=1017492"}],"curies":[{"name":"wp","href":"https:\/\/api.w.org\/{rel}","templated":true}]}}