{"id":7596,"date":"2013-12-20T15:05:44","date_gmt":"2013-12-20T14:05:44","guid":{"rendered":"http:\/\/animus-klub.de\/?page_id=7596"},"modified":"2016-10-23T15:12:49","modified_gmt":"2016-10-23T13:12:49","slug":"animos","status":"publish","type":"page","link":"https:\/\/animus-klub.de\/sv\/animos\/","title":{"rendered":"ANIMOS"},"content":{"rendered":"<p class=\"qtranxs-available-languages-message qtranxs-available-languages-message-sv\">Tyv\u00e4rr \u00e4r denna artikel enbart tillg\u00e4nglig p\u00e5 <a href=\"https:\/\/animus-klub.de\/de\/wp-json\/wp\/v2\/pages\/7596\" class=\"qtranxs-available-language-link qtranxs-available-language-link-de\" title=\"Deutsch\">Tyska<\/a>.<\/p>","protected":false},"excerpt":{"rendered":"","protected":false},"author":33,"featured_media":0,"parent":0,"menu_order":0,"comment_status":"closed","ping_status":"closed","template":"","meta":{"_mi_skip_tracking":false},"yoast_head":"<!-- This site is optimized with the Yoast SEO plugin v19.8 - https:\/\/yoast.com\/wordpress\/plugins\/seo\/ -->\n<title>ANIMOS &bull; Animus Klub \u2022 Der Freizeitklub in der Metropolregion Rhein-Neckar<\/title>\n<meta name=\"robots\" content=\"index, follow, max-snippet:-1, max-image-preview:large, max-video-preview:-1\" \/>\n<link rel=\"canonical\" href=\"https:\/\/animus-klub.de\/animos\/\" \/>\n<meta property=\"og:locale\" content=\"sv_SE\" \/>\n<meta property=\"og:type\" content=\"article\" \/>\n<meta property=\"og:title\" content=\"ANIMOS &bull; Animus Klub \u2022 Der Freizeitklub in der Metropolregion Rhein-Neckar\" \/>\n<meta property=\"og:url\" content=\"https:\/\/animus-klub.de\/animos\/\" \/>\n<meta property=\"og:site_name\" content=\"Animus Klub \u2022 Der Freizeitklub in der Metropolregion Rhein-Neckar\" \/>\n<meta property=\"article:publisher\" content=\"https:\/\/www.facebook.com\/animusklub\/\" \/>\n<meta property=\"article:modified_time\" content=\"2016-10-23T13:12:49+00:00\" \/>\n<meta property=\"og:image\" content=\"https:\/\/animus-klub.de\/wordpress\/wp-content\/uploads\/2014\/03\/animos7-150x150.png\" \/>\n<meta name=\"twitter:card\" content=\"summary_large_image\" \/>\n<script type=\"application\/ld+json\" class=\"yoast-schema-graph\">{\"@context\":\"https:\/\/schema.org\",\"@graph\":[{\"@type\":\"WebPage\",\"@id\":\"https:\/\/animus-klub.de\/animos\/\",\"url\":\"https:\/\/animus-klub.de\/animos\/\",\"name\":\"ANIMOS &bull; Animus Klub \u2022 Der Freizeitklub in der Metropolregion Rhein-Neckar\",\"isPartOf\":{\"@id\":\"https:\/\/animus-klub.de\/#website\"},\"datePublished\":\"2013-12-20T14:05:44+00:00\",\"dateModified\":\"2016-10-23T13:12:49+00:00\",\"breadcrumb\":{\"@id\":\"https:\/\/animus-klub.de\/animos\/#breadcrumb\"},\"inLanguage\":\"sv-SE\",\"potentialAction\":[{\"@type\":\"ReadAction\",\"target\":[\"https:\/\/animus-klub.de\/animos\/\"]}]},{\"@type\":\"BreadcrumbList\",\"@id\":\"https:\/\/animus-klub.de\/animos\/#breadcrumb\",\"itemListElement\":[{\"@type\":\"ListItem\",\"position\":1,\"name\":\"Startseite\",\"item\":\"https:\/\/animus-klub.de\/\"},{\"@type\":\"ListItem\",\"position\":2,\"name\":\"ANIMOS\"}]},{\"@type\":\"WebSite\",\"@id\":\"https:\/\/animus-klub.de\/#website\",\"url\":\"https:\/\/animus-klub.de\/\",\"name\":\"Animus Klub \u2022 Der Freizeitklub in der Metropolregion Rhein-Neckar\",\"description\":\"Der Spiel- und Freizeitklub in Nu\u00dfloch, Wiesloch, Heidelberg und Umgebung f\u00fcr die ganze Familie! Wir realisieren DEINE Ideen und W\u00fcnsche, und machen DAS, was DU willst!\",\"publisher\":{\"@id\":\"https:\/\/animus-klub.de\/#organization\"},\"potentialAction\":[{\"@type\":\"SearchAction\",\"target\":{\"@type\":\"EntryPoint\",\"urlTemplate\":\"https:\/\/animus-klub.de\/?s={search_term_string}\"},\"query-input\":\"required name=search_term_string\"}],\"inLanguage\":\"sv-SE\"},{\"@type\":\"Organization\",\"@id\":\"https:\/\/animus-klub.de\/#organization\",\"name\":\"Animus Klub e.V.\",\"url\":\"https:\/\/animus-klub.de\/\",\"sameAs\":[\"https:\/\/www.youtube.com\/channel\/UCYM2NSobdYTJVDpp2O9Ry-w\",\"https:\/\/www.facebook.com\/animusklub\/\"],\"logo\":{\"@type\":\"ImageObject\",\"inLanguage\":\"sv-SE\",\"@id\":\"https:\/\/animus-klub.de\/#\/schema\/logo\/image\/\",\"url\":\"https:\/\/animus-klub.de\/wordpress\/wp-content\/uploads\/2020\/07\/animo-header.jpg\",\"contentUrl\":\"https:\/\/animus-klub.de\/wordpress\/wp-content\/uploads\/2020\/07\/animo-header.jpg\",\"width\":1200,\"height\":169,\"caption\":\"Animus Klub e.V.\"},\"image\":{\"@id\":\"https:\/\/animus-klub.de\/#\/schema\/logo\/image\/\"}}]}<\/script>\n<!-- \/ Yoast SEO plugin. -->","yoast_head_json":{"title":"ANIMOS &bull; Animus Klub \u2022 Der Freizeitklub in der Metropolregion Rhein-Neckar","robots":{"index":"index","follow":"follow","max-snippet":"max-snippet:-1","max-image-preview":"max-image-preview:large","max-video-preview":"max-video-preview:-1"},"canonical":"https:\/\/animus-klub.de\/animos\/","og_locale":"sv_SE","og_type":"article","og_title":"ANIMOS &bull; Animus Klub \u2022 Der Freizeitklub in der Metropolregion Rhein-Neckar","og_url":"https:\/\/animus-klub.de\/animos\/","og_site_name":"Animus Klub \u2022 Der Freizeitklub in der Metropolregion Rhein-Neckar","article_publisher":"https:\/\/www.facebook.com\/animusklub\/","article_modified_time":"2016-10-23T13:12:49+00:00","og_image":[{"url":"https:\/\/animus-klub.de\/wordpress\/wp-content\/uploads\/2014\/03\/animos7-150x150.png"}],"twitter_card":"summary_large_image","schema":{"@context":"https:\/\/schema.org","@graph":[{"@type":"WebPage","@id":"https:\/\/animus-klub.de\/animos\/","url":"https:\/\/animus-klub.de\/animos\/","name":"ANIMOS &bull; Animus Klub \u2022 Der Freizeitklub in der Metropolregion Rhein-Neckar","isPartOf":{"@id":"https:\/\/animus-klub.de\/#website"},"datePublished":"2013-12-20T14:05:44+00:00","dateModified":"2016-10-23T13:12:49+00:00","breadcrumb":{"@id":"https:\/\/animus-klub.de\/animos\/#breadcrumb"},"inLanguage":"sv-SE","potentialAction":[{"@type":"ReadAction","target":["https:\/\/animus-klub.de\/animos\/"]}]},{"@type":"BreadcrumbList","@id":"https:\/\/animus-klub.de\/animos\/#breadcrumb","itemListElement":[{"@type":"ListItem","position":1,"name":"Startseite","item":"https:\/\/animus-klub.de\/"},{"@type":"ListItem","position":2,"name":"ANIMOS"}]},{"@type":"WebSite","@id":"https:\/\/animus-klub.de\/#website","url":"https:\/\/animus-klub.de\/","name":"Animus Klub \u2022 Der Freizeitklub in der Metropolregion Rhein-Neckar","description":"Der Spiel- und Freizeitklub in Nu\u00dfloch, Wiesloch, Heidelberg und Umgebung f\u00fcr die ganze Familie! Wir realisieren DEINE Ideen und W\u00fcnsche, und machen DAS, was DU willst!","publisher":{"@id":"https:\/\/animus-klub.de\/#organization"},"potentialAction":[{"@type":"SearchAction","target":{"@type":"EntryPoint","urlTemplate":"https:\/\/animus-klub.de\/?s={search_term_string}"},"query-input":"required name=search_term_string"}],"inLanguage":"sv-SE"},{"@type":"Organization","@id":"https:\/\/animus-klub.de\/#organization","name":"Animus Klub e.V.","url":"https:\/\/animus-klub.de\/","sameAs":["https:\/\/www.youtube.com\/channel\/UCYM2NSobdYTJVDpp2O9Ry-w","https:\/\/www.facebook.com\/animusklub\/"],"logo":{"@type":"ImageObject","inLanguage":"sv-SE","@id":"https:\/\/animus-klub.de\/#\/schema\/logo\/image\/","url":"https:\/\/animus-klub.de\/wordpress\/wp-content\/uploads\/2020\/07\/animo-header.jpg","contentUrl":"https:\/\/animus-klub.de\/wordpress\/wp-content\/uploads\/2020\/07\/animo-header.jpg","width":1200,"height":169,"caption":"Animus Klub e.V."},"image":{"@id":"https:\/\/animus-klub.de\/#\/schema\/logo\/image\/"}}]}},"_links":{"self":[{"href":"https:\/\/animus-klub.de\/sv\/wp-json\/wp\/v2\/pages\/7596"}],"collection":[{"href":"https:\/\/animus-klub.de\/sv\/wp-json\/wp\/v2\/pages"}],"about":[{"href":"https:\/\/animus-klub.de\/sv\/wp-json\/wp\/v2\/types\/page"}],"author":[{"embeddable":true,"href":"https:\/\/animus-klub.de\/sv\/wp-json\/wp\/v2\/users\/33"}],"replies":[{"embeddable":true,"href":"https:\/\/animus-klub.de\/sv\/wp-json\/wp\/v2\/comments?post=7596"}],"version-history":[{"count":0,"href":"https:\/\/animus-klub.de\/sv\/wp-json\/wp\/v2\/pages\/7596\/revisions"}],"wp:attachment":[{"href":"https:\/\/animus-klub.de\/sv\/wp-json\/wp\/v2\/media?parent=7596"}],"curies":[{"name":"wp","href":"https:\/\/api.w.org\/{rel}","templated":true}]}}